{"id":3,"date":"2025-01-04T20:07:04","date_gmt":"2025-01-04T20:07:04","guid":{"rendered":"http:\/\/gator4077\/cgi\/addon_GT.cgi?s=GT::WP::Install::Cpanel+%28yeya%29+-+127.0.0.1+%5Bnocaller%5D\/?page_id=3"},"modified":"2026-01-13T13:31:28","modified_gmt":"2026-01-13T13:31:28","slug":"faq","status":"publish","type":"page","link":"https:\/\/uniqati.com\/en\/faq\/","title":{"rendered":"Frequently asked Questions"},"content":{"rendered":"<div data-elementor-type=\"wp-page\" data-elementor-id=\"3\" class=\"elementor elementor-3\" data-elementor-post-type=\"page\">\n\t\t\t\t<div class=\"elementor-element elementor-element-52fa5df4 e-flex e-con-boxed e-con e-parent\" data-id=\"52fa5df4\" data-element_type=\"container\" data-e-type=\"container\">\n\t\t\t\t\t<div class=\"e-con-inner\">\n\t\t\t\t<div class=\"elementor-element elementor-element-901c2eb elementor-widget-divider--view-line elementor-widget elementor-widget-divider\" data-id=\"901c2eb\" data-element_type=\"widget\" data-e-type=\"widget\" data-widget_type=\"divider.default\">\n\t\t\t\t<div class=\"elementor-widget-container\">\n\t\t\t\t\t\t\t<div class=\"elementor-divider\">\n\t\t\t<span class=\"elementor-divider-separator\">\n\t\t\t\t\t\t<\/span>\n\t\t<\/div>\n\t\t\t\t\t\t<\/div>\n\t\t\t\t<\/div>\n\t\t\t\t<div class=\"elementor-element elementor-element-2bc7438 elementor-widget-divider--view-line elementor-widget elementor-widget-divider\" data-id=\"2bc7438\" data-element_type=\"widget\" data-e-type=\"widget\" data-widget_type=\"divider.default\">\n\t\t\t\t<div class=\"elementor-widget-container\">\n\t\t\t\t\t\t\t<div class=\"elementor-divider\">\n\t\t\t<span class=\"elementor-divider-separator\">\n\t\t\t\t\t\t<\/span>\n\t\t<\/div>\n\t\t\t\t\t\t<\/div>\n\t\t\t\t<\/div>\n\t\t\t\t<div class=\"elementor-element elementor-element-2bef012f elementor-widget elementor-widget-text-editor\" data-id=\"2bef012f\" data-element_type=\"widget\" data-e-type=\"widget\" data-widget_type=\"text-editor.default\">\n\t\t\t\t<div class=\"elementor-widget-container\">\n\t\t\t\t\t\t\t\t\t<p>Below are the answers to some of my most frequently asked questions. If you have a specific question, please get in touch.<\/p><p><b>Do you ship worldwide?<br \/><\/b><span style=\"font-family: inherit; font-size: inherit; font-style: inherit; font-variant-ligatures: inherit; font-variant-caps: inherit; font-weight: inherit;\">Yes, we ship worldwide.<br \/><\/span><span style=\"font-family: inherit; font-size: inherit; font-style: inherit; font-variant-ligatures: inherit; font-variant-caps: inherit; font-weight: inherit;\">All orders are produced and shipped from the country closest to you \u2014 Montenegro, Serbia or Croatia \u2014 to ensure faster delivery and lower customs costs.<\/span><\/p><p><span style=\"font-family: inherit; font-size: inherit; font-style: inherit; font-variant-ligatures: inherit; font-variant-caps: inherit;\"><b>How are the prints shipped?<br \/><\/b><\/span><span style=\"font-family: inherit; font-size: inherit; font-style: inherit; font-variant-ligatures: inherit; font-variant-caps: inherit; font-weight: inherit;\">Prints are handled with white gloves and carefully packed into sturdy cardboard tubes, then shipped via courier.\u00a0<\/span><\/p><p><span style=\"font-family: inherit; font-size: inherit; font-style: inherit; font-variant-ligatures: inherit; font-variant-caps: inherit;\"><b>I ordered a print \u2013 when will it be sent?<br \/><\/b><\/span><span style=\"font-family: inherit; font-size: inherit; font-style: inherit; font-variant-ligatures: inherit; font-variant-caps: inherit; font-weight: inherit;\">All prints are made to order. Each piece is carefully dried and treated with UV protection before being shipped.<br \/><\/span><span style=\"font-family: inherit; font-size: inherit; font-style: inherit; font-variant-ligatures: inherit; font-variant-caps: inherit; font-weight: inherit;\">Please allow up to 5 business days for the production of your print.<br \/><\/span><span style=\"font-family: inherit; font-size: inherit; font-style: inherit; font-variant-ligatures: inherit; font-variant-caps: inherit; font-weight: inherit;\">Once ready, your print will be shipped promptly with a tracking number (for international shipments as well).<\/span><\/p><p><!-- \/wp:paragraph --><\/p>\t\t\t\t\t\t\t\t<\/div>\n\t\t\t\t<\/div>\n\t\t\t\t<div class=\"elementor-element elementor-element-8373e63 elementor-widget elementor-widget-text-editor\" data-id=\"8373e63\" data-element_type=\"widget\" data-e-type=\"widget\" data-widget_type=\"text-editor.default\">\n\t\t\t\t<div class=\"elementor-widget-container\">\n\t\t\t\t\t\t\t\t\t<p><b>Delivery estimates<br \/><\/b><span style=\"font-family: inherit; font-size: inherit; font-style: inherit; font-variant-ligatures: inherit; font-variant-caps: inherit; font-weight: inherit;\">If you\u2019ve ordered a print, these estimates apply after production is complete.<br \/><\/span><span style=\"font-family: inherit; font-size: inherit; font-style: inherit; font-variant-ligatures: inherit; font-variant-caps: inherit; font-weight: inherit;\">Montenegro, Croatia, Serbia, Bosnia and Herzegovina: 5\u201310 business days.<br \/><\/span><span style=\"font-family: inherit; font-size: inherit; font-style: inherit; font-variant-ligatures: inherit; font-variant-caps: inherit; font-weight: inherit;\">International delivery to remote areas: 9\u201325 business days.<\/span><\/p>\t\t\t\t\t\t\t\t<\/div>\n\t\t\t\t<\/div>\n\t\t\t\t<div class=\"elementor-element elementor-element-48cdd96 elementor-widget-divider--view-line elementor-widget elementor-widget-divider\" data-id=\"48cdd96\" data-element_type=\"widget\" data-e-type=\"widget\" data-widget_type=\"divider.default\">\n\t\t\t\t<div class=\"elementor-widget-container\">\n\t\t\t\t\t\t\t<div class=\"elementor-divider\">\n\t\t\t<span class=\"elementor-divider-separator\">\n\t\t\t\t\t\t<\/span>\n\t\t<\/div>\n\t\t\t\t\t\t<\/div>\n\t\t\t\t<\/div>\n\t\t\t\t<div class=\"elementor-element elementor-element-95efd43 elementor-widget elementor-widget-text-editor\" data-id=\"95efd43\" data-element_type=\"widget\" data-e-type=\"widget\" data-widget_type=\"text-editor.default\">\n\t\t\t\t<div class=\"elementor-widget-container\">\n\t\t\t\t\t\t\t\t\t<p><strong data-start=\"1987\" data-end=\"2030\">Need your order sooner than usual?<\/strong><br data-start=\"2030\" data-end=\"2033\" \/>In some cases, we can prioritize urgent orders. Write to us <a href=\"https:\/\/jelicabujic.com\/contact\/\" target=\"_blank\" rel=\"noopener\">here<\/a>\u00a0with the note URGENT, and we\u2019ll reply as quickly as possible.<\/p>\t\t\t\t\t\t\t\t<\/div>\n\t\t\t\t<\/div>\n\t\t\t\t<div class=\"elementor-element elementor-element-ccdb176 elementor-widget-divider--view-line elementor-widget elementor-widget-divider\" data-id=\"ccdb176\" data-element_type=\"widget\" data-e-type=\"widget\" data-widget_type=\"divider.default\">\n\t\t\t\t<div class=\"elementor-widget-container\">\n\t\t\t\t\t\t\t<div class=\"elementor-divider\">\n\t\t\t<span class=\"elementor-divider-separator\">\n\t\t\t\t\t\t<\/span>\n\t\t<\/div>\n\t\t\t\t\t\t<\/div>\n\t\t\t\t<\/div>\n\t\t\t\t<div class=\"elementor-element elementor-element-54e7987 elementor-widget elementor-widget-text-editor\" data-id=\"54e7987\" data-element_type=\"widget\" data-e-type=\"widget\" data-widget_type=\"text-editor.default\">\n\t\t\t\t<div class=\"elementor-widget-container\">\n\t\t\t\t\t\t\t\t\t<p><b>Returns<br \/><\/b><span style=\"font-family: inherit; font-size: inherit; font-style: inherit; font-variant-ligatures: inherit; font-variant-caps: inherit; font-weight: inherit;\">Do you accept returns?<br \/><\/span><span style=\"font-family: inherit; font-size: inherit; font-style: inherit; font-variant-ligatures: inherit; font-variant-caps: inherit; font-weight: inherit;\">Please refer to our [returns policy] for more details.<\/span><\/p>\n<p>\u00a0<\/p>\t\t\t\t\t\t\t\t<\/div>\n\t\t\t\t<\/div>\n\t\t\t\t<div class=\"elementor-element elementor-element-99264c8 elementor-widget-divider--view-line elementor-widget elementor-widget-divider\" data-id=\"99264c8\" data-element_type=\"widget\" data-e-type=\"widget\" data-widget_type=\"divider.default\">\n\t\t\t\t<div class=\"elementor-widget-container\">\n\t\t\t\t\t\t\t<div class=\"elementor-divider\">\n\t\t\t<span class=\"elementor-divider-separator\">\n\t\t\t\t\t\t<\/span>\n\t\t<\/div>\n\t\t\t\t\t\t<\/div>\n\t\t\t\t<\/div>\n\t\t\t\t<div class=\"elementor-element elementor-element-56cf195 elementor-widget elementor-widget-text-editor\" data-id=\"56cf195\" data-element_type=\"widget\" data-e-type=\"widget\" data-widget_type=\"text-editor.default\">\n\t\t\t\t<div class=\"elementor-widget-container\">\n\t\t\t\t\t\t\t\t\t<p><span style=\"font-family: inherit; font-size: inherit; font-style: inherit; font-variant-ligatures: inherit; font-variant-caps: inherit;\"><b>What print sizes do you offer?<br \/><\/b><\/span><span style=\"font-family: inherit; font-size: inherit; font-style: inherit; font-variant-ligatures: inherit; font-variant-caps: inherit; font-weight: inherit;\">Limited edition prints are available in small, medium, large, and extra large.<br \/><\/span><span style=\"font-family: inherit; font-size: inherit; font-style: inherit; font-variant-ligatures: inherit; font-variant-caps: inherit; font-weight: inherit;\">Dimensions are listed here:<\/span><\/p><p><span style=\"font-family: inherit; font-size: inherit; font-style: inherit; font-variant-ligatures: inherit; font-variant-caps: inherit; font-weight: inherit;\">\u00a0<\/span><\/p><p><img fetchpriority=\"high\" decoding=\"async\" class=\"alignnone wp-image-1952 size-medium\" style=\"font-family: inherit; font-size: inherit; font-style: inherit; font-variant-ligatures: inherit; font-variant-caps: inherit; font-weight: inherit;\" src=\"http:\/\/uniqati.com\/wp-content\/uploads\/2025\/02\/size-s-e1747735157126-230x300.png\" alt=\"\" width=\"230\" height=\"300\" srcset=\"https:\/\/uniqati.com\/wp-content\/uploads\/2025\/02\/size-s-e1747735157126-230x300.png 230w, https:\/\/uniqati.com\/wp-content\/uploads\/2025\/02\/size-s-e1747735157126-9x12.png 9w, https:\/\/uniqati.com\/wp-content\/uploads\/2025\/02\/size-s-e1747735157126.png 542w\" sizes=\"(max-width: 230px) 100vw, 230px\" \/><img decoding=\"async\" class=\"alignnone wp-image-1951 size-medium\" style=\"font-family: inherit; font-size: inherit; font-style: inherit; font-variant-ligatures: inherit; font-variant-caps: inherit; font-weight: inherit;\" src=\"http:\/\/uniqati.com\/wp-content\/uploads\/2025\/02\/size-m-300x288.png\" alt=\"\" width=\"300\" height=\"288\" srcset=\"https:\/\/uniqati.com\/wp-content\/uploads\/2025\/02\/size-m-300x288.png 300w, https:\/\/uniqati.com\/wp-content\/uploads\/2025\/02\/size-m-600x576.png 600w, https:\/\/uniqati.com\/wp-content\/uploads\/2025\/02\/size-m.png 737w\" sizes=\"(max-width: 300px) 100vw, 300px\" \/><img decoding=\"async\" class=\"alignnone wp-image-1950 size-medium\" style=\"font-family: inherit; font-size: inherit; font-style: inherit; font-variant-ligatures: inherit; font-variant-caps: inherit; font-weight: inherit;\" src=\"http:\/\/uniqati.com\/wp-content\/uploads\/2025\/02\/size-l-300x288.png\" alt=\"\" width=\"300\" height=\"288\" srcset=\"https:\/\/uniqati.com\/wp-content\/uploads\/2025\/02\/size-l-300x288.png 300w, https:\/\/uniqati.com\/wp-content\/uploads\/2025\/02\/size-l-600x576.png 600w, https:\/\/uniqati.com\/wp-content\/uploads\/2025\/02\/size-l.png 737w\" sizes=\"(max-width: 300px) 100vw, 300px\" \/><img loading=\"lazy\" decoding=\"async\" class=\"alignnone wp-image-1953 size-medium\" style=\"font-family: inherit; font-size: inherit; font-style: inherit; font-variant-ligatures: inherit; font-variant-caps: inherit; font-weight: inherit;\" src=\"http:\/\/uniqati.com\/wp-content\/uploads\/2025\/02\/size-xl-300x288.png\" alt=\"\" width=\"300\" height=\"288\" srcset=\"https:\/\/uniqati.com\/wp-content\/uploads\/2025\/02\/size-xl-300x288.png 300w, https:\/\/uniqati.com\/wp-content\/uploads\/2025\/02\/size-xl-600x576.png 600w, https:\/\/uniqati.com\/wp-content\/uploads\/2025\/02\/size-xl.png 737w\" sizes=\"(max-width: 300px) 100vw, 300px\" \/><span style=\"font-family: inherit; font-size: inherit; font-style: inherit; font-variant-ligatures: inherit; font-variant-caps: inherit; font-weight: inherit;\"><br \/><\/span><\/p><p><span style=\"font-family: inherit; font-size: inherit; font-style: inherit; font-variant-ligatures: inherit; font-variant-caps: inherit;\"><b>\u00a0<\/b><\/span><\/p><p><span style=\"font-family: inherit; font-size: inherit; font-style: inherit; font-variant-ligatures: inherit; font-variant-caps: inherit;\"><b>\u00a0<\/b><\/span><\/p><p><span style=\"font-family: inherit; font-size: inherit; font-style: inherit; font-variant-ligatures: inherit; font-variant-caps: inherit;\"><b>What\u2019s the difference between a limited edition and an open edition print?<br \/><\/b><\/span><span style=\"font-family: inherit; font-size: inherit; font-style: inherit; font-variant-ligatures: inherit; font-variant-caps: inherit; font-weight: inherit;\">A limited edition means only a set number of prints exist.<\/span><\/p><p><span style=\"font-family: inherit; font-size: inherit; font-style: inherit; font-variant-ligatures: inherit; font-variant-caps: inherit;\"><b>How are your prints made?<br \/><\/b><\/span><span style=\"font-family: inherit; font-size: inherit; font-style: inherit; font-variant-ligatures: inherit; font-variant-caps: inherit; font-weight: inherit;\">The prints are Gicl\u00e9e prints on heavyweight archival paper.<br \/><\/span><span style=\"font-family: inherit; font-size: inherit; font-style: inherit; font-variant-ligatures: inherit; font-variant-caps: inherit; font-weight: inherit;\">They are produced locally.<\/span><\/p><p><span style=\"font-family: inherit; font-size: inherit; font-style: inherit; font-variant-ligatures: inherit; font-variant-caps: inherit;\"><b>I saw a photo I love, but it\u2019s not in the shop. Can I still order it?<br \/><\/b><\/span><span style=\"font-family: inherit; font-size: inherit; font-style: inherit; font-variant-ligatures: inherit; font-variant-caps: inherit; font-weight: inherit;\">Yes. If you've seen one of my photographs on social media or in a magazine, I\u2019d be happy to produce it as a custom print.<br \/><\/span><span style=\"font-family: inherit; font-size: inherit; font-style: inherit; font-variant-ligatures: inherit; font-variant-caps: inherit; font-weight: inherit;\">Get in touch to arrange it.<\/span><\/p><p><span style=\"font-family: inherit; font-size: inherit; font-style: inherit; font-variant-ligatures: inherit; font-variant-caps: inherit;\"><b>Do you offer custom sizes?<br \/><\/b><\/span><span style=\"font-family: inherit; font-size: inherit; font-style: inherit; font-variant-ligatures: inherit; font-variant-caps: inherit; font-weight: inherit;\">Yes \u2014 I\u2019ll be glad to print your favorite work in the size you need.<br \/><\/span><span style=\"font-family: inherit; font-size: inherit; font-style: inherit; font-variant-ligatures: inherit; font-variant-caps: inherit; font-weight: inherit;\">Please contact us [here] to request a quote. <a href=\"https:\/\/jelicabujic.com\/contact\/\" target=\"_blank\" rel=\"noopener\">here<\/a>.<\/span><\/p><p><span style=\"font-family: inherit; font-size: inherit; font-style: inherit; font-variant-ligatures: inherit; font-variant-caps: inherit;\"><b>What should I do when my print arrives?<br \/><\/b><\/span><span style=\"font-family: inherit; font-size: inherit; font-style: inherit; font-variant-ligatures: inherit; font-variant-caps: inherit; font-weight: inherit;\">Once your print arrives, try to resist the urge to open it right away.<br \/><\/span><span style=\"font-family: inherit; font-size: inherit; font-style: inherit; font-variant-ligatures: inherit; font-variant-caps: inherit; font-weight: inherit;\">When you're ready, take it to a professional framer to avoid damage.<\/span><\/p>\t\t\t\t\t\t\t\t<\/div>\n\t\t\t\t<\/div>\n\t\t\t\t<div class=\"elementor-element elementor-element-896fa3f elementor-widget-divider--view-line elementor-widget elementor-widget-divider\" data-id=\"896fa3f\" data-element_type=\"widget\" data-e-type=\"widget\" data-widget_type=\"divider.default\">\n\t\t\t\t<div class=\"elementor-widget-container\">\n\t\t\t\t\t\t\t<div class=\"elementor-divider\">\n\t\t\t<span class=\"elementor-divider-separator\">\n\t\t\t\t\t\t<\/span>\n\t\t<\/div>\n\t\t\t\t\t\t<\/div>\n\t\t\t\t<\/div>\n\t\t\t\t\t<\/div>\n\t\t\t\t<\/div>\n\t\t<div class=\"elementor-element elementor-element-f6dd8e0 e-flex e-con-boxed e-con e-parent\" data-id=\"f6dd8e0\" data-element_type=\"container\" data-e-type=\"container\">\n\t\t\t\t\t<div class=\"e-con-inner\">\n\t\t\t\t\t<\/div>\n\t\t\t\t<\/div>\n\t\t\t\t<\/div>","protected":false},"excerpt":{"rendered":"<p>U nastavku se nalaze odgovori na neka od naj\u010de\u0161\u0107e postavljanih pitanja. Ako ima\u0161 neko konkretno pitanje, slobodno nam javi. Dostavljate li me\u0111unarodno?Da, \u0161aljemo narud\u017ebe \u0161irom svijeta.Sve narud\u017ebe se proizvode i \u0161alju iz zemlje koja ti je najbli\u017ea \u2014 Crne Gore, Srbije, BiH ili Hrvatske \u2014 kako bismo osigurali br\u017eu dostavu i ni\u017ee tro\u0161kove carine. Kako [&hellip;]<\/p>\n","protected":false},"author":2,"featured_media":0,"parent":0,"menu_order":0,"comment_status":"closed","ping_status":"closed","template":"","meta":{"_acf_changed":false,"nf_dc_page":"","_gspb_post_css":"","footnotes":""},"class_list":["post-3","page","type-page","status-publish","hentry"],"blocksy_meta":[],"acf":[],"_links":{"self":[{"href":"https:\/\/uniqati.com\/en\/wp-json\/wp\/v2\/pages\/3","targetHints":{"allow":["GET"]}}],"collection":[{"href":"https:\/\/uniqati.com\/en\/wp-json\/wp\/v2\/pages"}],"about":[{"href":"https:\/\/uniqati.com\/en\/wp-json\/wp\/v2\/types\/page"}],"author":[{"embeddable":true,"href":"https:\/\/uniqati.com\/en\/wp-json\/wp\/v2\/users\/2"}],"replies":[{"embeddable":true,"href":"https:\/\/uniqati.com\/en\/wp-json\/wp\/v2\/comments?post=3"}],"version-history":[{"count":0,"href":"https:\/\/uniqati.com\/en\/wp-json\/wp\/v2\/pages\/3\/revisions"}],"wp:attachment":[{"href":"https:\/\/uniqati.com\/en\/wp-json\/wp\/v2\/media?parent=3"}],"curies":[{"name":"wp","href":"https:\/\/api.w.org\/{rel}","templated":true}]}}