{"id":1017,"date":"2022-03-02T09:54:53","date_gmt":"2022-03-02T09:54:53","guid":{"rendered":"https:\/\/startersites.io\/blocksy\/home-decor\/?page_id=3"},"modified":"2026-01-13T13:54:28","modified_gmt":"2026-01-13T13:54:28","slug":"politika-privatnosti","status":"publish","type":"page","link":"https:\/\/uniqati.com\/en\/politika-privatnosti\/","title":{"rendered":"Privacy Policy"},"content":{"rendered":"<div data-elementor-type=\"wp-page\" data-elementor-id=\"1017\" class=\"elementor elementor-1017\" data-elementor-post-type=\"page\">\n\t\t\t\t<div class=\"elementor-element elementor-element-0768708 e-flex e-con-boxed e-con e-parent\" data-id=\"0768708\" data-element_type=\"container\" data-e-type=\"container\">\n\t\t\t\t\t<div class=\"e-con-inner\">\n\t\t<div class=\"elementor-element elementor-element-c749637 e-con-full e-flex e-con e-child\" data-id=\"c749637\" data-element_type=\"container\" data-e-type=\"container\">\n\t\t\t\t<div class=\"elementor-element elementor-element-4d469f4 elementor-widget elementor-widget-text-editor\" data-id=\"4d469f4\" data-element_type=\"widget\" data-e-type=\"widget\" data-widget_type=\"text-editor.default\">\n\t\t\t\t<div class=\"elementor-widget-container\">\n\t\t\t\t\t\t\t\t\t<h6><strong>Definitions of the Privacy Policy<\/strong><\/h6>\n<p><!-- \/wp:paragraph --><!-- wp:paragraph --><\/p>\n<p>This Privacy Policy governs the collection of information from users when using the website http:\/\/www.uniqati.com\n, as well as its storage in the databases of our company ONE&amp;NINE. Our Privacy Policy explains how and why we collect, use, and protect your personal data.<\/p>\n<p><!-- \/wp:paragraph --><!-- wp:paragraph --><\/p>\n<p>We reserve the discretionary right to modify this Privacy Policy at any time, and such modified text shall become effective immediately upon being published on the Website.<\/p>\n<p><!-- \/wp:paragraph --><!-- wp:paragraph --><\/p>\n<p>Your continued use of the Website after any changes have been made implies that you accept all terms of the updated Privacy Policy. We therefore advise users to periodically review this Privacy Policy to stay informed of any changes.<\/p>\n<p><!-- \/wp:paragraph --><\/p>\t\t\t\t\t\t\t\t<\/div>\n\t\t\t\t<\/div>\n\t\t\t\t<div class=\"elementor-element elementor-element-6cd91ef elementor-widget-divider--view-line elementor-widget elementor-widget-divider\" data-id=\"6cd91ef\" data-element_type=\"widget\" data-e-type=\"widget\" data-widget_type=\"divider.default\">\n\t\t\t\t<div class=\"elementor-widget-container\">\n\t\t\t\t\t\t\t<div class=\"elementor-divider\">\n\t\t\t<span class=\"elementor-divider-separator\">\n\t\t\t\t\t\t<\/span>\n\t\t<\/div>\n\t\t\t\t\t\t<\/div>\n\t\t\t\t<\/div>\n\t\t\t\t<div class=\"elementor-element elementor-element-3182ab0 elementor-widget elementor-widget-text-editor\" data-id=\"3182ab0\" data-element_type=\"widget\" data-e-type=\"widget\" data-widget_type=\"text-editor.default\">\n\t\t\t\t<div class=\"elementor-widget-container\">\n\t\t\t\t\t\t\t\t\t<h6><strong>Data Storage and Retention<\/strong><\/h6>\n<p><!-- \/wp:paragraph --><!-- wp:paragraph --><\/p>\n<p>The company ONE&amp;NINE, as a provider of products and services on this Website, makes every effort to protect your privacy while you are online. Your personal data is stored securely and confidentially and is processed lawfully in accordance with this Privacy Policy. We take appropriate technical and organizational measures to protect against unauthorized or unlawful access to and processing of your personal data, including the encryption of your information. We will retain your information only as long as necessary to process your order, payment, refunds, respond to complaints, or provide promotional information for which you have subscribed.<\/p>\n<p><!-- \/wp:paragraph --><\/p>\t\t\t\t\t\t\t\t<\/div>\n\t\t\t\t<\/div>\n\t\t\t\t<div class=\"elementor-element elementor-element-37d40bf elementor-widget-divider--view-line elementor-widget elementor-widget-divider\" data-id=\"37d40bf\" data-element_type=\"widget\" data-e-type=\"widget\" data-widget_type=\"divider.default\">\n\t\t\t\t<div class=\"elementor-widget-container\">\n\t\t\t\t\t\t\t<div class=\"elementor-divider\">\n\t\t\t<span class=\"elementor-divider-separator\">\n\t\t\t\t\t\t<\/span>\n\t\t<\/div>\n\t\t\t\t\t\t<\/div>\n\t\t\t\t<\/div>\n\t\t\t\t<\/div>\n\t\t<div class=\"elementor-element elementor-element-70b0416 e-con-full e-flex e-con e-child\" data-id=\"70b0416\" data-element_type=\"container\" data-e-type=\"container\">\n\t\t\t\t<div class=\"elementor-element elementor-element-2604320 elementor-widget elementor-widget-text-editor\" data-id=\"2604320\" data-element_type=\"widget\" data-e-type=\"widget\" data-widget_type=\"text-editor.default\">\n\t\t\t\t<div class=\"elementor-widget-container\">\n\t\t\t\t\t\t\t\t\t<h6><strong>How Data is Collected and Used<\/strong><\/h6>\n<p><!-- \/wp:paragraph --><!-- wp:paragraph --><\/p>\n<p><!-- \/wp:paragraph --><!-- wp:paragraph --><\/p>\n<p>During your visit to the Website, we may collect personal data necessary for account creation, payment processing, or delivery of your goods. Your personal data is used solely to enable us to provide you with the products and services you request, to meet your needs, and to personalize and improve our offerings. This includes improving the functionality of the Website, performing administrative tasks, communicating with you, enhancing our marketing and promotional efforts, improving our products and services, and cooperating with law enforcement authorities when required.<\/p>\n<p><!-- \/wp:paragraph --><!-- wp:paragraph --><\/p>\n<p>We do not sell or rent your personal data to third parties for their marketing purposes without first giving you the opportunity to opt out. However, we may share your data with our business units and partners in accordance with this Privacy Policy. Under no circumstances will we misuse your personal data. Below, we outline the ways and reasons your information may be shared for the normal operation of the Website.<\/p>\n<p><!-- \/wp:paragraph --><\/p>\t\t\t\t\t\t\t\t<\/div>\n\t\t\t\t<\/div>\n\t\t\t\t<div class=\"elementor-element elementor-element-40096c2 elementor-widget-divider--view-line elementor-widget elementor-widget-divider\" data-id=\"40096c2\" data-element_type=\"widget\" data-e-type=\"widget\" data-widget_type=\"divider.default\">\n\t\t\t\t<div class=\"elementor-widget-container\">\n\t\t\t\t\t\t\t<div class=\"elementor-divider\">\n\t\t\t<span class=\"elementor-divider-separator\">\n\t\t\t\t\t\t<\/span>\n\t\t<\/div>\n\t\t\t\t\t\t<\/div>\n\t\t\t\t<\/div>\n\t\t\t\t<div class=\"elementor-element elementor-element-17a2b9b elementor-widget elementor-widget-text-editor\" data-id=\"17a2b9b\" data-element_type=\"widget\" data-e-type=\"widget\" data-widget_type=\"text-editor.default\">\n\t\t\t\t<div class=\"elementor-widget-container\">\n\t\t\t\t\t\t\t\t\t<h6><strong style=\"font-family: inherit; font-size: inherit; font-style: inherit; font-variant-ligatures: inherit; font-variant-caps: inherit; color: #595144;\">Cookies<\/strong><\/h6>\n<p><!-- \/wp:paragraph --><!-- wp:paragraph --><\/p>\n<p>A cookie is a small piece of information stored on your computer by a website you visit. Cookies typically store your preferences, such as preferred language or address. When you revisit the same website, your browser sends back the cookies that belong to that site. This allows the website to recognize you and display information tailored to your needs. If you do not wish our Website to access your cookies, you can block them. Most web browsers allow you to block cookies through their settings.<\/p>\n<p><!-- \/wp:paragraph --><\/p>\t\t\t\t\t\t\t\t<\/div>\n\t\t\t\t<\/div>\n\t\t\t\t<div class=\"elementor-element elementor-element-2172406 elementor-widget-divider--view-line elementor-widget elementor-widget-divider\" data-id=\"2172406\" data-element_type=\"widget\" data-e-type=\"widget\" data-widget_type=\"divider.default\">\n\t\t\t\t<div class=\"elementor-widget-container\">\n\t\t\t\t\t\t\t<div class=\"elementor-divider\">\n\t\t\t<span class=\"elementor-divider-separator\">\n\t\t\t\t\t\t<\/span>\n\t\t<\/div>\n\t\t\t\t\t\t<\/div>\n\t\t\t\t<\/div>\n\t\t\t\t<\/div>\n\t\t\t\t\t<\/div>\n\t\t\t\t<\/div>\n\t\t\t\t<\/div>","protected":false},"excerpt":{"rendered":"<p>Definicije politike privatnosti Ova Politika privatnosti reguli\u0161e praksu prikupljanja informacija od korisnika prilikom kori\u0161\u0107enja internet stranice http\/\/www.uniqati.com, kao i njihovo skladi\u0161tenje u bazama podataka na\u0161eg preduze\u0107a ONE&amp;NINE. Na\u0161a politika privatnosti obuhvata razloge kako i za\u0161to sakupljamo, koristimo i \u0161titimo tvoje li\u010dne podatke. Zadr\u017eavamo diskreciono pravo da ovu Politiku privatnosti mo\u017eemo izmjeniti u svako doba i [&hellip;]<\/p>\n","protected":false},"author":2,"featured_media":0,"parent":0,"menu_order":0,"comment_status":"closed","ping_status":"closed","template":"","meta":{"_acf_changed":false,"nf_dc_page":"","_gspb_post_css":"","footnotes":""},"class_list":["post-1017","page","type-page","status-publish","hentry"],"blocksy_meta":[],"acf":[],"_links":{"self":[{"href":"https:\/\/uniqati.com\/en\/wp-json\/wp\/v2\/pages\/1017","targetHints":{"allow":["GET"]}}],"collection":[{"href":"https:\/\/uniqati.com\/en\/wp-json\/wp\/v2\/pages"}],"about":[{"href":"https:\/\/uniqati.com\/en\/wp-json\/wp\/v2\/types\/page"}],"author":[{"embeddable":true,"href":"https:\/\/uniqati.com\/en\/wp-json\/wp\/v2\/users\/2"}],"replies":[{"embeddable":true,"href":"https:\/\/uniqati.com\/en\/wp-json\/wp\/v2\/comments?post=1017"}],"version-history":[{"count":0,"href":"https:\/\/uniqati.com\/en\/wp-json\/wp\/v2\/pages\/1017\/revisions"}],"wp:attachment":[{"href":"https:\/\/uniqati.com\/en\/wp-json\/wp\/v2\/media?parent=1017"}],"curies":[{"name":"wp","href":"https:\/\/api.w.org\/{rel}","templated":true}]}}